{"id":137,"date":"2022-02-21T07:51:02","date_gmt":"2022-02-21T07:51:02","guid":{"rendered":"https:\/\/www.luzukdemo.com\/demo\/automobile-shop\/?page_id=137"},"modified":"2022-03-01T07:31:45","modified_gmt":"2022-03-01T07:31:45","slug":"page-full-width","status":"publish","type":"page","link":"https:\/\/www.luzukdemo.com\/demo\/automobile-shop\/page-full-width\/","title":{"rendered":"Page Full Width"},"content":{"rendered":"\n<p>Fusce Lorem ipsum dolor sit amet, consectetur adipiscing elit. Morbi maximus sit amet purus sed feugiat. Pellentesque habitant morbi tristique senectus et netus et malesuada fames ac turpis egestas.<\/p>\n\n\n\n<ul class=\"wp-block-list\"><li>Lorem ipsum dolor sit amet, consectetur adipiscing elit<\/li><li>Nunc vel ligula in augue tristique pellentesque a in nibh. Fusce Lorem ipsum dolor sit amet, consectetur adipiscing elit. Morbi maximus sit amet purus sed feugiat. Pellentesque habitant morbi tristique senectus et netus et malesuada fames ac turpis egestas<\/li><li>Lorem ipsum dolor sit amet<\/li><li>Pellentesque habitant morbi tristique senectus et netus et malesuada fames ac turpis egestas<\/li><\/ul>\n\n\n\n<pre class=\"wp-block-preformatted\">Normes CE MEDICAL 93\/42\/CEE et 2017\/745 : s\u00e9curisation de l'usage de ce mat\u00e9riel par une \u00e9quipe form\u00e9e selon les directives l\u00e9gales<\/pre>\n\n\n\n<h2 class=\"wp-block-heading\" id=\"sample-heading-here\">Sample Heading Here<\/h2>\n\n\n\n<ol class=\"wp-block-list\"><li>Lorem ipsum dolor sit amet, consectetur adipiscing elit<\/li><li>Nunc vel ligula in augue tristique pellentesque a in nibh. Fusce Lorem ipsum dolor sit amet, consectetur adipiscing elit. Morbi maximus sit amet purus sed feugiat. Pellentesque habitant morbi tristique senectus et netus et malesuada fames ac turpis egestas<\/li><li>Lorem ipsum dolor sit amet<\/li><li>Pellentesque habitant morbi tristique senectus et netus et malesuada fames ac turpis egestas<\/li><\/ol>\n\n\n\n<p>Lorem ipsum dolor sit amet, consectetur adipiscing elit. Morbi maximus sit amet purus sed feugiat. Pellentesque habitant morbi tristique senectus et netus et malesuada fames ac turpis egestas. Nunc vel ligula in augue tristique pellentesque a in nibh. Fusce Lorem ipsum dolor sit amet, consectetur adipiscing elit. Morbi maximus sit amet purus sed feugiat. Pellentesque habitant morbi tristique senectus et netus et malesuada fames ac turpis egestas.<\/p>\n\n\n\n<p>Full Fusce Lorem ipsum dolor sit amet, consectetur adipiscing elit. Morbi maximus sit amet purus sed feugiat. Pellentesque habitant morbi tristique senectus et netus et malesuada fames ac turpis egestas.<\/p>\n","protected":false},"excerpt":{"rendered":"<p>Fusce Lorem ipsum dolor sit amet, consectetur adipiscing elit. Morbi maximus sit amet purus sed feugiat. Pellentesque habitant morbi tristique senectus et netus et malesuada fames ac turpis egestas. Lorem ipsum dolor sit amet, consectetur adipiscing elit Nunc vel ligula in augue tristique pellentesque a in nibh. Fusce Lorem ipsum dolor sit amet, consectetur adipiscing [&hellip;]<\/p>\n","protected":false},"author":1,"featured_media":1893,"parent":0,"menu_order":0,"comment_status":"closed","ping_status":"closed","template":"","meta":{"footnotes":""},"class_list":["post-137","page","type-page","status-publish","has-post-thumbnail","hentry"],"_links":{"self":[{"href":"https:\/\/www.luzukdemo.com\/demo\/automobile-shop\/wp-json\/wp\/v2\/pages\/137","targetHints":{"allow":["GET"]}}],"collection":[{"href":"https:\/\/www.luzukdemo.com\/demo\/automobile-shop\/wp-json\/wp\/v2\/pages"}],"about":[{"href":"https:\/\/www.luzukdemo.com\/demo\/automobile-shop\/wp-json\/wp\/v2\/types\/page"}],"author":[{"embeddable":true,"href":"https:\/\/www.luzukdemo.com\/demo\/automobile-shop\/wp-json\/wp\/v2\/users\/1"}],"replies":[{"embeddable":true,"href":"https:\/\/www.luzukdemo.com\/demo\/automobile-shop\/wp-json\/wp\/v2\/comments?post=137"}],"version-history":[{"count":1,"href":"https:\/\/www.luzukdemo.com\/demo\/automobile-shop\/wp-json\/wp\/v2\/pages\/137\/revisions"}],"predecessor-version":[{"id":138,"href":"https:\/\/www.luzukdemo.com\/demo\/automobile-shop\/wp-json\/wp\/v2\/pages\/137\/revisions\/138"}],"wp:featuredmedia":[{"embeddable":true,"href":"https:\/\/www.luzukdemo.com\/demo\/automobile-shop\/wp-json\/wp\/v2\/media\/1893"}],"wp:attachment":[{"href":"https:\/\/www.luzukdemo.com\/demo\/automobile-shop\/wp-json\/wp\/v2\/media?parent=137"}],"curies":[{"name":"wp","href":"https:\/\/api.w.org\/{rel}","templated":true}]}}